{"id":44,"date":"2019-02-10T14:16:59","date_gmt":"2019-02-10T14:16:59","guid":{"rendered":"http:\/\/wirthen.de\/?page_id=44"},"modified":"2025-03-28T12:36:39","modified_gmt":"2025-03-28T12:36:39","slug":"impressum","status":"publish","type":"page","link":"https:\/\/wirthen.de\/?page_id=44","title":{"rendered":"Impressum"},"content":{"rendered":"\n<p>Angaben gem\u00e4\u00df \u00a7 5 TMG:<br>Olaf Wirthen<br>Friseursalon Link-Wirthen<br>Hauptstra\u00dfe 3<br>57562 Herdorf<br><br>Kontakt:<br>Telefon: 02744 5883<br><br>Umsatzsteuer:<br>Umsatzsteuer-Identifikationsnummer gem\u00e4\u00df \u00a727 a Umsatzsteuergesetz:<br>DE 0219251191<br><br>Berufsbezeichnung und berufsrechtliche Regelungen<br>Berufsbezeichnung: Friseur<br>Zust\u00e4ndige Kammer: Handwerkskammer Koblenz<br>Verliehen durch: Deutschland<br><br>Streitschlichtung<br>Wir sind nicht bereit oder verpflichtet, an Streitbeilegungsverfahren vor einer<br>Verbraucherschlichtungsstelle teilzunehmen.<br><br>Haftung f\u00fcr Inhalte<br>Als Diensteanbieter sind wir gem\u00e4\u00df \u00a7 7 Abs.1 TMG f\u00fcr eigene Inhalte auf diesen Seiten nach den<br>allgemeinen Gesetzen verantwortlich. Nach \u00a7\u00a7 8 bis 10 TMG sind wir als Diensteanbieter jedoch nicht<br>verpflichtet, \u00fcbermittelte oder gespeicherte fremde Informationen zu \u00fcberwachen oder nach Umst\u00e4nden<br>zu forschen, die auf eine rechtswidrige T\u00e4tigkeit hinweisen.<br>Verpflichtungen zur Entfernung oder Sperrung der Nutzung von Informationen nach den allgemeinen<br>Gesetzen bleiben hiervon unber\u00fchrt. Eine diesbez\u00fcgliche Haftung ist jedoch erst ab dem Zeitpunkt der<br>Kenntnis einer konkreten Rechtsverletzung m\u00f6glich. Bei Bekanntwerden von entsprechenden<br>Rechtsverletzungen werden wir diese Inhalte umgehend entfernen.<br><br>Quelle: https:\/\/www.e-recht24.de\/impressum-generator.html<\/p>\n\n\n\n<p><\/p>\n","protected":false},"excerpt":{"rendered":"<p>Angaben gem\u00e4\u00df \u00a7 5 TMG:Olaf WirthenFriseursalon Link-WirthenHauptstra\u00dfe 357562 Herdorf Kontakt:Telefon: 02744 5883 Umsatzsteuer:Umsatzsteuer-Identifikationsnummer gem\u00e4\u00df \u00a727 a Umsatzsteuergesetz:DE 0219251191 Berufsbezeichnung und berufsrechtliche RegelungenBerufsbezeichnung: FriseurZust\u00e4ndige Kammer: Handwerkskammer KoblenzVerliehen durch: Deutschland StreitschlichtungWir sind nicht bereit oder verpflichtet, an Streitbeilegungsverfahren vor einerVerbraucherschlichtungsstelle teilzunehmen. Haftung f\u00fcr InhalteAls Diensteanbieter sind wir gem\u00e4\u00df \u00a7 7 Abs.1 TMG f\u00fcr eigene Inhalte auf diesen &hellip; <a href=\"https:\/\/wirthen.de\/?page_id=44\" class=\"more-link\"><span class=\"screen-reader-text\">\u201eImpressum\u201c <\/span>weiterlesen<\/a><\/p>\n","protected":false},"author":1,"featured_media":0,"parent":0,"menu_order":0,"comment_status":"closed","ping_status":"closed","template":"","meta":{"footnotes":""},"class_list":["post-44","page","type-page","status-publish","hentry"],"_links":{"self":[{"href":"https:\/\/wirthen.de\/index.php?rest_route=\/wp\/v2\/pages\/44","targetHints":{"allow":["GET"]}}],"collection":[{"href":"https:\/\/wirthen.de\/index.php?rest_route=\/wp\/v2\/pages"}],"about":[{"href":"https:\/\/wirthen.de\/index.php?rest_route=\/wp\/v2\/types\/page"}],"author":[{"embeddable":true,"href":"https:\/\/wirthen.de\/index.php?rest_route=\/wp\/v2\/users\/1"}],"replies":[{"embeddable":true,"href":"https:\/\/wirthen.de\/index.php?rest_route=%2Fwp%2Fv2%2Fcomments&post=44"}],"version-history":[{"count":5,"href":"https:\/\/wirthen.de\/index.php?rest_route=\/wp\/v2\/pages\/44\/revisions"}],"predecessor-version":[{"id":64,"href":"https:\/\/wirthen.de\/index.php?rest_route=\/wp\/v2\/pages\/44\/revisions\/64"}],"wp:attachment":[{"href":"https:\/\/wirthen.de\/index.php?rest_route=%2Fwp%2Fv2%2Fmedia&parent=44"}],"curies":[{"name":"wp","href":"https:\/\/api.w.org\/{rel}","templated":true}]}}