{"id":2,"date":"2016-05-10T03:48:21","date_gmt":"2016-05-10T03:48:21","guid":{"rendered":"http:\/\/wirthen.de\/?page_id=2"},"modified":"2019-02-10T13:46:01","modified_gmt":"2019-02-10T13:46:01","slug":"sample-page","status":"publish","type":"page","link":"https:\/\/wirthen.de\/","title":{"rendered":"Wir \u00fcber uns"},"content":{"rendered":"<p>Wir machen mehr aus Ihrem Haar, denn Haare sind unser Element und das nun schon seit \u00fcber 65 Jahren, und bereits in der 3 Generation besteht unser Unternehmen, gegr\u00fcndet 1934 in Kirchen \/ Sieg, von Wilhelm Link. 1956 wurde die Filiale in Herdorf er\u00f6ffnet. Das Unternehmen wurde weitergef\u00fchrt durch Helga Maria Wirthen geb. Link, und sp\u00e4ter an ihren Sohn, Olaf Wirthen \u00fcbergeben. Wir sind daher mit Haaren und Frisuren gro\u00dfgeworden und haben manche Kunden von Ihrer Kindheit an, bis ins hohe Alter begleitet.<\/p>\n<p>Wir sind ein Friseurbetrieb mit Tradition und viel Kundenn\u00e4he ebenso legen wir sehr viel Wert auf Service und modernste Haarschneidekunst. All unsere Mitarbeiter sind hochqualifiziert, haben eine abgeschlossene Friseurausbildung und mehrere Jahre Berufserfahrung. Durch st\u00e4ndige Fort- und Weiterbildung, sind wir immer auf dem modernsten Stand, ob bei Haarschnitten, Haarfarben, Dauerwellen oder Haarpflege.<\/p>\n<p>Desweiteren vertreiben und verarbeiten wir nur&nbsp;&nbsp;&nbsp;&nbsp;&nbsp; hochwertigste Produkte, namenhafter Hersteller (Wella, Goldwell, Loreal, Schwarzkopf, Kadus usw.) der Haarkosmetikindustrie.<\/p>\n<p>Ebenfalls verf\u00fcgen wir \u00fcber eine st\u00e4ndige Auswahl von mehr als 240 verschiedenen Haarfarben und Haart\u00f6nungen. Modernste Computerunterst\u00fctzte Haarkosmetiktechnik f\u00fcr Dauerwellen, Haarf\u00e4rbungen, Haart\u00f6nungen, und Haarpflege steht f\u00fcr Sie bereit.&nbsp; Bei uns k\u00f6nnen Sie auch schon vor Ihrer Typver\u00e4nderung das Ergebnis im Computer ansehen, mehr als 1000 Frisurenvorschl\u00e4ge bieten wir Ihnen an.<\/p>\n<p>Unser Motto kommt immer an, denn bei uns ist der Kunde K\u00f6nig und das Wort \u201cgeht nicht\u201d, gibst nicht. Service wird bei uns gro\u00dfgeschrieben z.b. Mineralwasser, koffeinfreier Kaffee, Kaffee, Cappuccino, Tee usw. wird kostenlos unseren Kunden gereicht.<\/p>\n<p>Bei uns sind Sie immer bestens beraten, wir nehmen uns Zeit f\u00fcr Sie und Ihre Frisur, denn einer hochwertigen Leistung geht eine sorgf\u00e4ltige Beratung voraus. Gut, ist uns f\u00fcr Sie, nicht gut genug.<\/p>\n","protected":false},"excerpt":{"rendered":"<p>Wir machen mehr aus Ihrem Haar, denn Haare sind unser Element und das nun schon seit \u00fcber 65 Jahren, und bereits in der 3 Generation besteht unser Unternehmen, gegr\u00fcndet 1934 in Kirchen \/ Sieg, von Wilhelm Link. 1956 wurde die Filiale in Herdorf er\u00f6ffnet. Das Unternehmen wurde weitergef\u00fchrt durch Helga Maria Wirthen geb. Link, und &hellip; <a href=\"https:\/\/wirthen.de\/\" class=\"more-link\"><span class=\"screen-reader-text\">\u201eWir \u00fcber uns\u201c <\/span>weiterlesen<\/a><\/p>\n","protected":false},"author":1,"featured_media":0,"parent":0,"menu_order":0,"comment_status":"closed","ping_status":"open","template":"","meta":{"footnotes":""},"class_list":["post-2","page","type-page","status-publish","hentry"],"_links":{"self":[{"href":"https:\/\/wirthen.de\/index.php?rest_route=\/wp\/v2\/pages\/2","targetHints":{"allow":["GET"]}}],"collection":[{"href":"https:\/\/wirthen.de\/index.php?rest_route=\/wp\/v2\/pages"}],"about":[{"href":"https:\/\/wirthen.de\/index.php?rest_route=\/wp\/v2\/types\/page"}],"author":[{"embeddable":true,"href":"https:\/\/wirthen.de\/index.php?rest_route=\/wp\/v2\/users\/1"}],"replies":[{"embeddable":true,"href":"https:\/\/wirthen.de\/index.php?rest_route=%2Fwp%2Fv2%2Fcomments&post=2"}],"version-history":[{"count":2,"href":"https:\/\/wirthen.de\/index.php?rest_route=\/wp\/v2\/pages\/2\/revisions"}],"predecessor-version":[{"id":29,"href":"https:\/\/wirthen.de\/index.php?rest_route=\/wp\/v2\/pages\/2\/revisions\/29"}],"wp:attachment":[{"href":"https:\/\/wirthen.de\/index.php?rest_route=%2Fwp%2Fv2%2Fmedia&parent=2"}],"curies":[{"name":"wp","href":"https:\/\/api.w.org\/{rel}","templated":true}]}}